{"id":9363,"date":"2023-05-23T12:58:23","date_gmt":"2023-05-23T11:58:23","guid":{"rendered":"https:\/\/galeryo.com\/?post_type=product&#038;p=9363"},"modified":"2023-08-14T04:02:25","modified_gmt":"2023-08-14T03:02:25","slug":"%d8%a7%d9%84%d8%b3%d9%84%d8%a7%d9%85-t-shirt","status":"publish","type":"product","link":"https:\/\/galeryo.com\/fr\/produit\/%d8%a7%d9%84%d8%b3%d9%84%d8%a7%d9%85-t-shirt\/","title":{"rendered":"\u0627\u0644\u0633\u0644\u0627\u0645  t-shirt"},"content":{"rendered":"<ul>\n<li>Vous cherchez un t-shirt confortable et \u00e9l\u00e9gant pour tous les jours ? Ne cherchez plus ! Notre t-shirt est un ajout indispensable \u00e0 toute garde-robe.<\/li>\n<li>Avec sa coupe ajust\u00e9e, notre t-shirt pour correspondre \u00e0 la taille indiqu\u00e9e. Cependant, si vous pr\u00e9f\u00e9rez une coupe plus ample, nous vous recommandons de commander une taille sup\u00e9rieure ou de jeter un coup d&#039;\u0153il \u00e0 notre mod\u00e8le de t-shirt classique.<\/li>\n<li>Le mod\u00e8le masculin pr\u00e9sent\u00e9 mesure 6&#039;0&#034; \/ 183 cm de hauteur et porte une taille Large.<\/li>\n<li>Nos t-shirts sont fabriqu\u00e9s \u00e0 partir de mat\u00e9riaux de qualit\u00e9 sup\u00e9rieure, avec un poids de 4,2 oz \/ 145gsm. Les t-shirts de couleur unie sont en 100% coton, tandis que les t-shirts gris chin\u00e9 sont en 90% coton et 10% polyester. Les t-shirts anthracite chin\u00e9s sont en 52% coton et 48% polyester. Avec une gamme de couleurs et de mat\u00e9riaux au choix, vous \u00eates s\u00fbr de trouver le t-shirt parfait verser toutes les occasions.<\/li>\n<\/ul>\n<p><a href=\"https:\/\/galeryo.com\/wp-content\/uploads\/2023\/05\/Screenshot-2023-05-12-124736.png\"><img fetchpriority=\"high\" decoding=\"async\" class=\"wp-image-8728 alignnone\" src=\"https:\/\/galeryo.com\/wp-content\/uploads\/2023\/05\/Screenshot-2023-05-12-124736-570x118.png\" alt=\"\" width=\"865\" height=\"179\" srcset=\"https:\/\/galeryo.com\/wp-content\/uploads\/2023\/05\/Screenshot-2023-05-12-124736-570x118.png 570w, https:\/\/galeryo.com\/wp-content\/uploads\/2023\/05\/Screenshot-2023-05-12-124736-770x160.png 770w, https:\/\/galeryo.com\/wp-content\/uploads\/2023\/05\/Screenshot-2023-05-12-124736-768x160.png 768w, https:\/\/galeryo.com\/wp-content\/uploads\/2023\/05\/Screenshot-2023-05-12-124736-600x125.png 600w, https:\/\/galeryo.com\/wp-content\/uploads\/2023\/05\/Screenshot-2023-05-12-124736.png 1015w\" sizes=\"(max-width: 865px) 100vw, 865px\" \/><\/a><\/p>","protected":false},"excerpt":{"rendered":"<p>Exprimez-vous avec style gr\u00e2ce \u00e0 ce t-shirt unique orn\u00e9 de citations inspirantes. Disponible en diff\u00e9rentes tailles, ce t-shirt est le moyen id\u00e9al de partager vos mots pr\u00e9f\u00e9r\u00e9s avec le monde, que ce soit pour propager la positivit\u00e9 ou afficher votre passion pour les mots.<\/p>","protected":false},"featured_media":9370,"comment_status":"open","ping_status":"closed","template":"","meta":{"_acf_changed":false},"product_brand":[],"product_cat":[149,121],"product_tag":[154],"class_list":{"0":"post-9363","1":"product","2":"type-product","3":"status-publish","4":"has-post-thumbnail","6":"product_cat-other","7":"product_cat-t-shirts","8":"product_tag-tounsi","9":"pa_couleur-blanc","10":"pa_couleur-bleu","11":"pa_couleur-noir","12":"pa_couleur-rouge","13":"pa_taille-small","14":"pa_taille-moyenne","15":"pa_taille-large","16":"pa_taille-x-large","18":"first","19":"instock","20":"sale","21":"featured","22":"taxable","23":"shipping-taxable","24":"purchasable","25":"product-type-variable"},"supplier_id":null,"supplier_sku":"","barcode":null,"atum_controlled":true,"out_stock_date":null,"out_stock_threshold":null,"inheritable":false,"inbound_stock":null,"stock_on_hold":0,"sold_today":0,"sales_last_days":0,"reserved_stock":null,"customer_returns":null,"warehouse_damage":null,"lost_in_post":null,"other_logs":null,"out_stock_days":0,"lost_sales":0,"has_location":null,"update_date":"2026-04-09T09:31:39","atum_locations":[],"atum_stock_status":"instock","restock_status":false,"low_stock_amount":"","sales_update_date":"2026-04-09T09:31:39","calc_backorders":null,"acf":[],"_links":{"self":[{"href":"https:\/\/galeryo.com\/fr\/wp-json\/wp\/v2\/product\/9363"}],"collection":[{"href":"https:\/\/galeryo.com\/fr\/wp-json\/wp\/v2\/product"}],"about":[{"href":"https:\/\/galeryo.com\/fr\/wp-json\/wp\/v2\/types\/product"}],"replies":[{"embeddable":true,"href":"https:\/\/galeryo.com\/fr\/wp-json\/wp\/v2\/comments?post=9363"}],"version-history":[{"count":0,"href":"https:\/\/galeryo.com\/fr\/wp-json\/wp\/v2\/product\/9363\/revisions"}],"wp:featuredmedia":[{"embeddable":true,"href":"https:\/\/galeryo.com\/fr\/wp-json\/wp\/v2\/media\/9370"}],"wp:attachment":[{"href":"https:\/\/galeryo.com\/fr\/wp-json\/wp\/v2\/media?parent=9363"}],"wp:term":[{"taxonomy":"product_brand","embeddable":true,"href":"https:\/\/galeryo.com\/fr\/wp-json\/wp\/v2\/product_brand?post=9363"},{"taxonomy":"product_cat","embeddable":true,"href":"https:\/\/galeryo.com\/fr\/wp-json\/wp\/v2\/product_cat?post=9363"},{"taxonomy":"product_tag","embeddable":true,"href":"https:\/\/galeryo.com\/fr\/wp-json\/wp\/v2\/product_tag?post=9363"}],"curies":[{"name":"wp","href":"https:\/\/api.w.org\/{rel}","templated":true}]}}