{"id":39399,"date":"2026-05-05T00:05:58","date_gmt":"2026-05-04T23:05:58","guid":{"rendered":"https:\/\/galeryo.com\/?post_type=product&#038;p=39399"},"modified":"2026-05-05T00:31:00","modified_gmt":"2026-05-04T23:31:00","slug":"enseigne-open-close","status":"publish","type":"product","link":"https:\/\/galeryo.com\/fr\/produit\/enseigne-open-close\/","title":{"rendered":"enseigne open\/close"},"content":{"rendered":"<div class=\"xdj266r x11i5rnm xat24cr x1mh8g0r x1vvkbs x126k92a\">\ud83d\ude80Boostez votre projet ! \ud83d\ude80<\/div>\n<div class=\"x11i5rnm xat24cr x1mh8g0r x1vvkbs xtlvy1s x126k92a\">\u2728 Mat\u00e9riau : acrylique en argent\u00e9 ou dor\u00e9, \u00e9l\u00e9gant et r\u00e9sistant<\/div>\n<div class=\"x11i5rnm xat24cr x1mh8g0r x1vvkbs xtlvy1s x126k92a\">\ud83d\udcac Envie d&#8217;un design unique ? Contactez-nous pour une commande sur mesure !<\/div>","protected":false},"excerpt":{"rendered":"<div class=\"xdj266r x11i5rnm xat24cr x1mh8g0r x1vvkbs x126k92a\">\ud83d\ude80Boostez votre projet ! \ud83d\ude80<br \/>\n\u2705Dimension 25&#215;25<\/div>\n<div class=\"x11i5rnm xat24cr x1mh8g0r x1vvkbs xtlvy1s x126k92a\">\u2728 Id\u00e9al pour les boutiques<\/div>","protected":false},"featured_media":39409,"comment_status":"open","ping_status":"closed","template":"","meta":{"_acf_changed":false},"product_brand":[],"product_cat":[200,290,124],"product_tag":[],"class_list":{"0":"post-39399","1":"product","2":"type-product","3":"status-publish","4":"has-post-thumbnail","6":"product_cat-tableaux-personnalises","7":"product_cat-trophee","8":"product_cat-affiches-toiles","9":"pa_couleur-d-article-blanc","10":"pa_couleur-d-article-noir","12":"first","13":"instock","14":"sale","15":"purchasable","16":"product-type-variable"},"supplier_id":null,"supplier_sku":"","barcode":null,"atum_controlled":true,"out_stock_date":null,"out_stock_threshold":null,"inheritable":true,"inbound_stock":null,"stock_on_hold":0,"sold_today":0,"sales_last_days":0,"reserved_stock":null,"customer_returns":null,"warehouse_damage":null,"lost_in_post":null,"other_logs":null,"out_stock_days":0,"lost_sales":0,"has_location":false,"update_date":"2026-05-10T09:44:29","atum_locations":[],"atum_stock_status":"instock","restock_status":false,"low_stock_amount":"","sales_update_date":"2026-05-10T09:44:29","calc_backorders":null,"acf":[],"_links":{"self":[{"href":"https:\/\/galeryo.com\/fr\/wp-json\/wp\/v2\/product\/39399"}],"collection":[{"href":"https:\/\/galeryo.com\/fr\/wp-json\/wp\/v2\/product"}],"about":[{"href":"https:\/\/galeryo.com\/fr\/wp-json\/wp\/v2\/types\/product"}],"replies":[{"embeddable":true,"href":"https:\/\/galeryo.com\/fr\/wp-json\/wp\/v2\/comments?post=39399"}],"version-history":[{"count":4,"href":"https:\/\/galeryo.com\/fr\/wp-json\/wp\/v2\/product\/39399\/revisions"}],"predecessor-version":[{"id":39412,"href":"https:\/\/galeryo.com\/fr\/wp-json\/wp\/v2\/product\/39399\/revisions\/39412"}],"wp:featuredmedia":[{"embeddable":true,"href":"https:\/\/galeryo.com\/fr\/wp-json\/wp\/v2\/media\/39409"}],"wp:attachment":[{"href":"https:\/\/galeryo.com\/fr\/wp-json\/wp\/v2\/media?parent=39399"}],"wp:term":[{"taxonomy":"product_brand","embeddable":true,"href":"https:\/\/galeryo.com\/fr\/wp-json\/wp\/v2\/product_brand?post=39399"},{"taxonomy":"product_cat","embeddable":true,"href":"https:\/\/galeryo.com\/fr\/wp-json\/wp\/v2\/product_cat?post=39399"},{"taxonomy":"product_tag","embeddable":true,"href":"https:\/\/galeryo.com\/fr\/wp-json\/wp\/v2\/product_tag?post=39399"}],"curies":[{"name":"wp","href":"https:\/\/api.w.org\/{rel}","templated":true}]}}