{"id":38327,"date":"2026-03-16T03:53:43","date_gmt":"2026-03-16T02:53:43","guid":{"rendered":"https:\/\/galeryo.com\/?post_type=product&#038;p=38327"},"modified":"2026-03-16T04:14:36","modified_gmt":"2026-03-16T03:14:36","slug":"mes-premiers-mots","status":"publish","type":"product","link":"https:\/\/galeryo.com\/fr\/produit\/mes-premiers-mots\/","title":{"rendered":"\ud83c\udf1f Mon Petit G\u00e9nie \u2013 Mes Premiers Mots ! \ud83c\udf1f"},"content":{"rendered":"<div class=\"\" data-block=\"true\" data-editor=\"btl8q\" data-offset-key=\"8fnjk-0-0\">\n<div class=\"_1mf _1mj\" data-offset-key=\"8fnjk-0-0\">\n<p data-start=\"169\" data-end=\"364\">Offrez \u00e0 vos enfants une exp\u00e9rience d\u2019apprentissage ludique et color\u00e9e ! Avec nos puzzles en bois \u00e9ducatifs, chaque pi\u00e8ce s\u2019ins\u00e8re dans sa forme correspondante pour apprendre tout en s\u2019amusant.<\/p>\n<p data-start=\"366\" data-end=\"538\">\ud83c\udf4e <strong data-start=\"369\" data-end=\"420\">Apprenez les fruits, l\u00e9gumes, animaux et formes<\/strong><br data-start=\"420\" data-end=\"423\" \/>\ud83c\udf0d <strong data-start=\"426\" data-end=\"471\">En 2 langues : Arabe, Fran\u00e7ais<\/strong><br data-start=\"471\" data-end=\"474\" \/>\ud83e\udde0 <strong data-start=\"477\" data-end=\"536\">D\u00e9veloppe la m\u00e9moire, la reconnaissance et la curiosit\u00e9<\/strong><\/p>\n<p data-start=\"540\" data-end=\"688\">Regardez vos enfants jouer, rire et d\u00e9couvrir le plaisir d\u2019apprendre !<br data-start=\"610\" data-end=\"613\" \/>\ud83c\udfa8 <strong data-start=\"616\" data-end=\"686\">Des pi\u00e8ces color\u00e9es, un design attrayant et une approche \u00e9ducative<\/strong><\/p>\n<p data-start=\"690\" data-end=\"810\">\ud83d\udce6 Disponible d\u00e8s maintenant \u2013 stimulez leur imagination et leurs comp\u00e9tences linguistiques avec <strong data-start=\"787\" data-end=\"808\">Mon Petit G\u00e9nie !<\/strong><\/p>\n<p data-start=\"812\" data-end=\"850\">\u2705 <strong data-start=\"814\" data-end=\"848\">Jouer \u2022 Apprendre \u2022 S\u2019amuser !<\/strong><\/p>\n<\/div>\n<\/div>","protected":false},"excerpt":{"rendered":"<div class=\"xdj266r x14z9mp xat24cr x1lziwak x1vvkbs x126k92a\">\n<div dir=\"auto\">\n<div class=\"\" data-block=\"true\" data-editor=\"btl8q\" data-offset-key=\"8fnjk-0-0\">\n<div class=\"_1mf _1mj\" data-offset-key=\"8fnjk-0-0\">\n<div class=\"xdj266r x14z9mp xat24cr x1lziwak x1vvkbs\">\n<div dir=\"auto\">Apprends en t\u2019amusant avec nos puzzles en bois color\u00e9s : fruits, l\u00e9gumes, animaux et formes !<br data-start=\"198\" data-end=\"201\" \/>\ud83c\udf0d <strong data-start=\"204\" data-end=\"247\">En 2 langues : Arabe, Fran\u00e7ais<\/strong><br data-start=\"247\" data-end=\"250\" \/>\ud83e\udde0 D\u00e9veloppe m\u00e9moire, reconnaissance et curiosit\u00e9.<br data-start=\"300\" data-end=\"303\" \/>\u2705 <strong data-start=\"305\" data-end=\"339\">Jouer \u2022 Apprendre \u2022 S\u2019amuser !<\/strong><\/div>\n<\/div>\n<\/div>\n<\/div>\n<\/div>\n<\/div>","protected":false},"featured_media":38330,"comment_status":"open","ping_status":"closed","template":"","meta":{"_acf_changed":false},"product_brand":[],"product_cat":[361,352],"product_tag":[],"class_list":{"0":"post-38327","1":"product","2":"type-product","3":"status-publish","4":"has-post-thumbnail","6":"product_cat-education","7":"product_cat-games","9":"first","10":"instock","11":"taxable","12":"shipping-taxable","13":"purchasable","14":"product-type-variable"},"supplier_id":null,"supplier_sku":"","barcode":null,"atum_controlled":true,"out_stock_date":null,"out_stock_threshold":null,"inheritable":true,"inbound_stock":null,"stock_on_hold":0,"sold_today":0,"sales_last_days":0,"reserved_stock":null,"customer_returns":null,"warehouse_damage":null,"lost_in_post":null,"other_logs":null,"out_stock_days":0,"lost_sales":0,"has_location":false,"update_date":"2026-05-13T09:47:21","atum_locations":[],"atum_stock_status":"instock","restock_status":false,"low_stock_amount":"","sales_update_date":"2026-05-13T09:47:21","calc_backorders":null,"acf":[],"_links":{"self":[{"href":"https:\/\/galeryo.com\/fr\/wp-json\/wp\/v2\/product\/38327"}],"collection":[{"href":"https:\/\/galeryo.com\/fr\/wp-json\/wp\/v2\/product"}],"about":[{"href":"https:\/\/galeryo.com\/fr\/wp-json\/wp\/v2\/types\/product"}],"replies":[{"embeddable":true,"href":"https:\/\/galeryo.com\/fr\/wp-json\/wp\/v2\/comments?post=38327"}],"version-history":[{"count":3,"href":"https:\/\/galeryo.com\/fr\/wp-json\/wp\/v2\/product\/38327\/revisions"}],"predecessor-version":[{"id":38333,"href":"https:\/\/galeryo.com\/fr\/wp-json\/wp\/v2\/product\/38327\/revisions\/38333"}],"wp:featuredmedia":[{"embeddable":true,"href":"https:\/\/galeryo.com\/fr\/wp-json\/wp\/v2\/media\/38330"}],"wp:attachment":[{"href":"https:\/\/galeryo.com\/fr\/wp-json\/wp\/v2\/media?parent=38327"}],"wp:term":[{"taxonomy":"product_brand","embeddable":true,"href":"https:\/\/galeryo.com\/fr\/wp-json\/wp\/v2\/product_brand?post=38327"},{"taxonomy":"product_cat","embeddable":true,"href":"https:\/\/galeryo.com\/fr\/wp-json\/wp\/v2\/product_cat?post=38327"},{"taxonomy":"product_tag","embeddable":true,"href":"https:\/\/galeryo.com\/fr\/wp-json\/wp\/v2\/product_tag?post=38327"}],"curies":[{"name":"wp","href":"https:\/\/api.w.org\/{rel}","templated":true}]}}