{"id":38190,"date":"2026-03-12T03:50:56","date_gmt":"2026-03-12T02:50:56","guid":{"rendered":"https:\/\/galeryo.com\/?post_type=product&#038;p=38190"},"modified":"2026-03-13T03:18:39","modified_gmt":"2026-03-13T02:18:39","slug":"le-jeu-du-systeme-solaire","status":"publish","type":"product","link":"https:\/\/galeryo.com\/fr\/produit\/le-jeu-du-systeme-solaire\/","title":{"rendered":"\ud83c\udf0d Le Jeu du Syst\u00e8me Solaire \u2013 Mon Petit G\u00e9nie"},"content":{"rendered":"<h3 data-section-id=\"e8swns\" data-start=\"123\" data-end=\"173\">\ud83c\udf0d Le Jeu du Syst\u00e8me Solaire \u2013 Mon Petit G\u00e9nie<\/h3>\n<p data-start=\"175\" data-end=\"410\">Faites voyager les enfants \u00e0 travers l\u2019univers avec <strong data-start=\"227\" data-end=\"256\">Le Jeu du Syst\u00e8me Solaire<\/strong> de <strong data-start=\"260\" data-end=\"279\">Mon Petit G\u00e9nie<\/strong> ! \ud83d\ude80<br data-start=\"284\" data-end=\"287\" \/>Un jeu \u00e9ducatif et ludique qui permet aux enfants de d\u00e9couvrir les plan\u00e8tes tout en d\u00e9veloppant leurs capacit\u00e9s cognitives.<\/p>\n<p data-start=\"412\" data-end=\"592\">\ud83e\udeb5 <strong data-start=\"415\" data-end=\"428\">Mati\u00e8re :<\/strong> Bois MDF de haute qualit\u00e9, solide et durable<br data-start=\"473\" data-end=\"476\" \/>\ud83d\udccf <strong data-start=\"479\" data-end=\"495\">Dimensions :<\/strong> 30 \u00d7 20 cm<br data-start=\"506\" data-end=\"509\" \/>\ud83c\udfa8 <strong data-start=\"512\" data-end=\"524\">Design :<\/strong> Plan\u00e8tes color\u00e9es et illustrations amusantes adapt\u00e9es aux enfants<\/p>\n<h3 data-section-id=\"1esw0pn\" data-start=\"594\" data-end=\"624\">\ud83c\udf1f Les b\u00e9n\u00e9fices \u00e9ducatifs<\/h3>\n<ul data-start=\"625\" data-end=\"837\">\n<li data-section-id=\"d126vc\" data-start=\"625\" data-end=\"673\">\n<p data-start=\"627\" data-end=\"673\">D\u00e9veloppe la <strong data-start=\"640\" data-end=\"671\">m\u00e9moire et la concentration<\/strong><\/p>\n<\/li>\n<li data-section-id=\"42eeu6\" data-start=\"674\" data-end=\"715\">\n<p data-start=\"676\" data-end=\"715\">Stimule la <strong data-start=\"687\" data-end=\"713\">curiosit\u00e9 scientifique<\/strong><\/p>\n<\/li>\n<li data-section-id=\"853onk\" data-start=\"716\" data-end=\"769\">\n<p data-start=\"718\" data-end=\"769\">Am\u00e9liore la <strong data-start=\"730\" data-end=\"767\">coordination et la motricit\u00e9 fine<\/strong><\/p>\n<\/li>\n<li data-section-id=\"h8sr2l\" data-start=\"770\" data-end=\"837\">\n<p data-start=\"772\" data-end=\"837\">Apprend aux enfants les <strong data-start=\"796\" data-end=\"827\">plan\u00e8tes du syst\u00e8me solaire<\/strong> en jouant<\/p>\n<\/li>\n<\/ul>\n<p data-start=\"839\" data-end=\"887\">\ud83d\udc76 <strong data-start=\"842\" data-end=\"868\">Id\u00e9al pour les enfants<\/strong> \u00e0 partir de 3 ans.<\/p>\n<p data-start=\"889\" data-end=\"949\">\ud83c\udf81 <strong data-start=\"892\" data-end=\"949\">Un jeu \u00e9ducatif parfait pour apprendre en s\u2019amusant !<\/strong><\/p>","protected":false},"excerpt":{"rendered":"<p><strong>\ud83d\ude80 D\u00e9couvrez l\u2019univers en jouant !<br \/>\n<\/strong><\/p>\n<div class=\"\" data-block=\"true\" data-editor=\"bt5pf\" data-offset-key=\"36mp8-0-0\">\n<div class=\"_1mf _1mj\" data-offset-key=\"36mp8-0-0\"><em>\ud83e\udde9 Puzzle \u00e9ducatif<\/em><\/div>\n<\/div>\n<div class=\"\" data-block=\"true\" data-editor=\"bt5pf\" data-offset-key=\"766aj-0-0\">\n<div class=\"_1mf _1mj\" data-offset-key=\"766aj-0-0\"><em>\ud83c\udfa8 Design color\u00e9 et attractif<\/em><\/div>\n<\/div>\n<div class=\"\" data-block=\"true\" data-editor=\"bt5pf\" data-offset-key=\"3ljsg-0-0\">\n<div class=\"_1mf _1mj\" data-offset-key=\"3ljsg-0-0\"><em>\ud83e\udde0 D\u00e9veloppe la m\u00e9moire et la logique<\/em><\/div>\n<\/div>\n<div class=\"\" data-block=\"true\" data-editor=\"bt5pf\" data-offset-key=\"995gh-0-0\">\n<div class=\"_1mf _1mj\" data-offset-key=\"995gh-0-0\"><span data-offset-key=\"995gh-0-0\">\u00a0<\/span><\/div>\n<\/div>\n<div class=\"\" data-block=\"true\" data-editor=\"bt5pf\" data-offset-key=\"2qinq-0-0\">\n<div class=\"_1mf _1mj\" data-offset-key=\"2qinq-0-0\"><strong>\ud83c\udf81 Le jeu parfait pour \u00e9veiller la curiosit\u00e9 des petits g\u00e9nies !<\/strong><\/div>\n<\/div>\n<p><strong>\u00a0<\/strong><\/p>","protected":false},"featured_media":38196,"comment_status":"open","ping_status":"closed","template":"","meta":{"_acf_changed":false},"product_brand":[],"product_cat":[361,352],"product_tag":[],"class_list":{"0":"post-38190","1":"product","2":"type-product","3":"status-publish","4":"has-post-thumbnail","6":"product_cat-education","7":"product_cat-games","9":"first","10":"instock","11":"sale","12":"taxable","13":"shipping-taxable","14":"purchasable","15":"product-type-simple"},"supplier_id":null,"supplier_sku":"","barcode":null,"atum_controlled":true,"out_stock_date":null,"out_stock_threshold":null,"inheritable":false,"inbound_stock":null,"stock_on_hold":0,"sold_today":0,"sales_last_days":0,"reserved_stock":null,"customer_returns":null,"warehouse_damage":null,"lost_in_post":null,"other_logs":null,"out_stock_days":0,"lost_sales":0,"has_location":false,"update_date":"2026-04-29T09:39:53","atum_locations":[],"atum_stock_status":"instock","restock_status":false,"low_stock_amount":"","sales_update_date":"2026-04-29T09:39:53","calc_backorders":null,"acf":[],"_links":{"self":[{"href":"https:\/\/galeryo.com\/fr\/wp-json\/wp\/v2\/product\/38190"}],"collection":[{"href":"https:\/\/galeryo.com\/fr\/wp-json\/wp\/v2\/product"}],"about":[{"href":"https:\/\/galeryo.com\/fr\/wp-json\/wp\/v2\/types\/product"}],"replies":[{"embeddable":true,"href":"https:\/\/galeryo.com\/fr\/wp-json\/wp\/v2\/comments?post=38190"}],"version-history":[{"count":3,"href":"https:\/\/galeryo.com\/fr\/wp-json\/wp\/v2\/product\/38190\/revisions"}],"predecessor-version":[{"id":38197,"href":"https:\/\/galeryo.com\/fr\/wp-json\/wp\/v2\/product\/38190\/revisions\/38197"}],"wp:featuredmedia":[{"embeddable":true,"href":"https:\/\/galeryo.com\/fr\/wp-json\/wp\/v2\/media\/38196"}],"wp:attachment":[{"href":"https:\/\/galeryo.com\/fr\/wp-json\/wp\/v2\/media?parent=38190"}],"wp:term":[{"taxonomy":"product_brand","embeddable":true,"href":"https:\/\/galeryo.com\/fr\/wp-json\/wp\/v2\/product_brand?post=38190"},{"taxonomy":"product_cat","embeddable":true,"href":"https:\/\/galeryo.com\/fr\/wp-json\/wp\/v2\/product_cat?post=38190"},{"taxonomy":"product_tag","embeddable":true,"href":"https:\/\/galeryo.com\/fr\/wp-json\/wp\/v2\/product_tag?post=38190"}],"curies":[{"name":"wp","href":"https:\/\/api.w.org\/{rel}","templated":true}]}}