{"id":37645,"date":"2026-02-17T19:17:50","date_gmt":"2026-02-17T18:17:50","guid":{"rendered":"https:\/\/galeryo.com\/?post_type=product&#038;p=37645"},"modified":"2026-02-17T19:20:07","modified_gmt":"2026-02-17T18:20:07","slug":"collection-de-3-tableaux-des-carreaux-2-couleurs-beige-sobhan-alah-al-hamdulalh-aalho-akber","status":"publish","type":"product","link":"https:\/\/galeryo.com\/fr\/produit\/collection-de-3-tableaux-des-carreaux-2-couleurs-beige-sobhan-alah-al-hamdulalh-aalho-akber\/","title":{"rendered":"Collection de 3 tableaux, des carreaux 2 couleurs beige sobhan alah , al-hamdulalh, aalho akber"},"content":{"rendered":"<p>La table de d\u00e9coration est un meuble polyvalent qui ajoute une touche d&#8217;\u00e9l\u00e9gance \u00e0 n&#8217;importe quel espace. Disponible en trois tailles diff\u00e9rentes, elle offre une flexibilit\u00e9 dans son utilisation, s&#8217;adaptant aux besoins et aux dimensions de chaque pi\u00e8ce.<\/p>\n<ul>\n<li><strong>La taille S mesure 30 centim\u00e8tres de longueur sur 20 centim\u00e8tres de largeur.<\/strong> C&#8217;est la plus petite des trois options et elle est id\u00e9ale pour les espaces restreints ou pour \u00eatre utilis\u00e9e comme table d&#8217;appoint. Sa petite taille lui conf\u00e8re une grande portabilit\u00e9, ce qui en fait un choix pratique pour les \u00e9v\u00e9nements en plein air ou les r\u00e9ceptions.<\/li>\n<li><strong>La taille M mesure 40 centim\u00e8tres de longueur sur 30 centim\u00e8tres de largeur.<\/strong> Elle offre une surface l\u00e9g\u00e8rement plus grande que la taille S, permettant ainsi d&#8217;afficher des objets de d\u00e9coration plus volumineux ou de servir de support pour des accessoires de table lors de d\u00eeners intimes. Cette taille est un excellent compromis entre fonctionnalit\u00e9 et espace occup\u00e9.<\/li>\n<li><strong>La taille L mesure 60 centim\u00e8tres de longueur sur 40 centim\u00e8tres de largeur.<\/strong>\u00a0ce qui en fait la plus grande option disponible. Elle offre une surface spacieuse et polyvalente, permettant de cr\u00e9er des compositions de d\u00e9coration plus \u00e9labor\u00e9es ou de servir de base pour exposer des pi\u00e8ces ma\u00eetresses lors d&#8217;\u00e9v\u00e9nements sp\u00e9ciaux. Sa g\u00e9n\u00e9reuse taille en fait un choix id\u00e9al pour les salles \u00e0 manger formelles ou les halls d&#8217;entr\u00e9e o\u00f9 une pr\u00e9sence imposante est souhait\u00e9e.<\/li>\n<\/ul>\n<p>Quelle que soit la taille choisie, la table de d\u00e9coration est fabriqu\u00e9e avec des mat\u00e9riaux de haute qualit\u00e9, offrant une finition lisse et durable. Son design moderne et \u00e9pur\u00e9 s&#8217;int\u00e8gre harmonieusement \u00e0 diff\u00e9rents styles de d\u00e9coration, qu&#8217;il s&#8217;agisse d&#8217;un int\u00e9rieur contemporain, classique ou m\u00eame rustique. Elle devient ainsi un \u00e9l\u00e9ment central de la mise en sc\u00e8ne de votre espace, mettant en valeur vos objets pr\u00e9f\u00e9r\u00e9s et ajoutant une touche de sophistication \u00e0 votre d\u00e9coration globale.<\/p>","protected":false},"excerpt":{"rendered":"<p>lot exclusif de 3 tableaux haut de gamme avec cadre et vitre en plexiglass ! \ud83d\uddbc\ufe0f\ud83d\uddbc\ufe0f\ud83d\uddbc\ufe0f<\/p>\n<p>Sublimez votre int\u00e9rieur avec style !<\/p>\n<p>\u2705 Taille <strong>L<\/strong> <strong>60&#215;40\u00a0<\/strong><br \/>\n\u2705 Taille <strong>L+<\/strong> <strong>64&#215;44<\/strong><br \/>\n\u2705 Taille <strong>XL-<\/strong> <strong>68&#215;48<\/strong><br \/>\n\u2705 Nouvelle Taille <strong>XL 72&#215;52<\/strong><\/p>\n<p>\ud83c\udf80 Profitez de la <strong>LIVRAISON GRATUITE<\/strong> \ud83c\udd93\ud83d\ude9a<\/p>\n<p>&nbsp;<\/p>","protected":false},"featured_media":37650,"comment_status":"open","ping_status":"closed","template":"","meta":{"_acf_changed":false},"product_brand":[],"product_cat":[189,124],"product_tag":[197,201,318,187,190],"class_list":{"0":"post-37645","1":"product","2":"type-product","3":"status-publish","4":"has-post-thumbnail","6":"product_cat-wall-galery","7":"product_cat-affiches-toiles","8":"product_tag-arabic","9":"product_tag-islamiques","10":"product_tag-pro","11":"product_tag-wal-art","12":"product_tag-wall-galery","13":"pa_couleur-blanc","14":"pa_couleur-beige","15":"pa_couleur-bois","16":"pa_couleur-dore","17":"pa_couleur-noir-bois","18":"pa_taille-large","19":"pa_taille-la-taille-xl-mesure-tableaux-64x44","20":"pa_taille-xl","21":"pa_taille-x-large","23":"first","24":"instock","25":"sale","26":"taxable","27":"shipping-taxable","28":"purchasable","29":"product-type-variable","30":"has-default-attributes"},"supplier_id":null,"supplier_sku":"","barcode":null,"atum_controlled":true,"out_stock_date":null,"out_stock_threshold":null,"inheritable":false,"inbound_stock":0,"stock_on_hold":0,"sold_today":0,"sales_last_days":1,"reserved_stock":0,"customer_returns":0,"warehouse_damage":0,"lost_in_post":0,"other_logs":0,"out_stock_days":0,"lost_sales":0,"has_location":false,"update_date":"2026-04-07T17:14:38","atum_locations":[],"atum_stock_status":"instock","restock_status":false,"low_stock_amount":"","sales_update_date":"2026-04-03T00:22:21","calc_backorders":null,"acf":[],"_links":{"self":[{"href":"https:\/\/galeryo.com\/fr\/wp-json\/wp\/v2\/product\/37645"}],"collection":[{"href":"https:\/\/galeryo.com\/fr\/wp-json\/wp\/v2\/product"}],"about":[{"href":"https:\/\/galeryo.com\/fr\/wp-json\/wp\/v2\/types\/product"}],"replies":[{"embeddable":true,"href":"https:\/\/galeryo.com\/fr\/wp-json\/wp\/v2\/comments?post=37645"}],"version-history":[{"count":1,"href":"https:\/\/galeryo.com\/fr\/wp-json\/wp\/v2\/product\/37645\/revisions"}],"predecessor-version":[{"id":37651,"href":"https:\/\/galeryo.com\/fr\/wp-json\/wp\/v2\/product\/37645\/revisions\/37651"}],"wp:featuredmedia":[{"embeddable":true,"href":"https:\/\/galeryo.com\/fr\/wp-json\/wp\/v2\/media\/37650"}],"wp:attachment":[{"href":"https:\/\/galeryo.com\/fr\/wp-json\/wp\/v2\/media?parent=37645"}],"wp:term":[{"taxonomy":"product_brand","embeddable":true,"href":"https:\/\/galeryo.com\/fr\/wp-json\/wp\/v2\/product_brand?post=37645"},{"taxonomy":"product_cat","embeddable":true,"href":"https:\/\/galeryo.com\/fr\/wp-json\/wp\/v2\/product_cat?post=37645"},{"taxonomy":"product_tag","embeddable":true,"href":"https:\/\/galeryo.com\/fr\/wp-json\/wp\/v2\/product_tag?post=37645"}],"curies":[{"name":"wp","href":"https:\/\/api.w.org\/{rel}","templated":true}]}}