{"id":33414,"date":"2025-10-06T15:45:21","date_gmt":"2025-10-06T14:45:21","guid":{"rendered":"https:\/\/galeryo.com\/?post_type=product&#038;p=33414"},"modified":"2025-10-17T14:02:13","modified_gmt":"2025-10-17T13:02:13","slug":"grand-tableau-%db%81-marble-noire-et-beige-%d8%b1%d9%8e%d8%a8%d9%90%d9%91-%d8%a5%d9%90%d9%86%d9%90%d9%91%d9%89-%d9%84%d9%90%d9%85%d9%8e%d8%a7%d9%93-%d8%a3%d9%8e%d9%86%d8%b2%d9%8e%d9%84%d9%92%d8%aa","status":"publish","type":"product","link":"https:\/\/galeryo.com\/fr\/produit\/grand-tableau-%db%81-marble-noire-et-beige-%d8%b1%d9%8e%d8%a8%d9%90%d9%91-%d8%a5%d9%90%d9%86%d9%90%d9%91%d9%89-%d9%84%d9%90%d9%85%d9%8e%d8%a7%d9%93-%d8%a3%d9%8e%d9%86%d8%b2%d9%8e%d9%84%d9%92%d8%aa\/","title":{"rendered":"Grand tableau \u06c1 marble noire et Beige \u0631\u064e\u0628\u0650\u0651 \u0625\u0650\u0646\u0650\u0651\u0649 \u0644\u0650\u0645\u064e\u0627\u0653 \u0623\u064e\u0646\u0632\u064e\u0644\u0652\u062a\u064e \u0625\u0650\u0644\u064e\u0649\u0651\u064e \u0645\u0650\u0646\u0652 \u062e\u064e\u064a\u0652\u0631\u064d\u06e2 \u0641\u064e\u0642\u0650\u064a\u0631\u064c\u06ed"},"content":{"rendered":"<p>La table de d\u00e9coration est un meuble polyvalent qui ajoute une touche d&#8217;\u00e9l\u00e9gance \u00e0 n&#8217;importe quel espace. Disponible en trois tailles diff\u00e9rentes, elle offre une flexibilit\u00e9 dans son utilisation, s&#8217;adaptant aux besoins et aux dimensions de chaque pi\u00e8ce.<\/p>\n<p>Quelle que soit la taille choisie, la table de d\u00e9coration est fabriqu\u00e9e avec des mat\u00e9riaux de haute qualit\u00e9, offrant une finition lisse et durable. Son design moderne et \u00e9pur\u00e9 s&#8217;int\u00e8gre harmonieusement \u00e0 diff\u00e9rents styles de d\u00e9coration, qu&#8217;il s&#8217;agisse d&#8217;un int\u00e9rieur contemporain, classique ou m\u00eame rustique. Elle devient ainsi un \u00e9l\u00e9ment central de la mise en sc\u00e8ne de votre espace, mettant en valeur vos objets pr\u00e9f\u00e9r\u00e9s et ajoutant une touche de sophistication \u00e0 votre d\u00e9coration globale.<\/p>","protected":false},"excerpt":{"rendered":"<p>Tableau islamique <strong>haut de gamme<\/strong> avec cadre en bois et vitre en plexiglass ! \ud83d\udd4c<\/p>\n<p>\ud83c\udf80 Profitez de la\u00a0<strong>LIVRAISON GRATUITE\ud83c\udf80<\/strong><\/p>","protected":false},"featured_media":33326,"comment_status":"open","ping_status":"closed","template":"","meta":{"_acf_changed":false},"product_brand":[],"product_cat":[189,124],"product_tag":[207,229,201,318,187],"class_list":{"0":"post-33414","1":"product","2":"type-product","3":"status-publish","4":"has-post-thumbnail","6":"product_cat-wall-galery","7":"product_cat-affiches-toiles","8":"product_tag-chambre","9":"product_tag-grand-tableau","10":"product_tag-islamiques","11":"product_tag-pro","12":"product_tag-wal-art","13":"pa_avec-vitre-avec-vitre","14":"pa_avec-vitre-sans-vitre","15":"pa_couleur-blanc","16":"pa_couleur-beige","17":"pa_couleur-bois","18":"pa_couleur-dore","19":"pa_couleur-noir","20":"pa_taille-120x80","21":"pa_taille-90x60","23":"first","24":"instock","25":"sale","26":"taxable","27":"shipping-taxable","28":"purchasable","29":"product-type-variable"},"supplier_id":null,"supplier_sku":"","barcode":null,"atum_controlled":true,"out_stock_date":null,"out_stock_threshold":null,"inheritable":false,"inbound_stock":null,"stock_on_hold":0,"sold_today":0,"sales_last_days":0,"reserved_stock":null,"customer_returns":null,"warehouse_damage":null,"lost_in_post":null,"other_logs":null,"out_stock_days":0,"lost_sales":0,"has_location":null,"update_date":"2026-04-03T00:23:45","atum_locations":[],"atum_stock_status":"instock","restock_status":false,"low_stock_amount":"","sales_update_date":"2026-04-03T00:23:45","calc_backorders":null,"acf":[],"_links":{"self":[{"href":"https:\/\/galeryo.com\/fr\/wp-json\/wp\/v2\/product\/33414"}],"collection":[{"href":"https:\/\/galeryo.com\/fr\/wp-json\/wp\/v2\/product"}],"about":[{"href":"https:\/\/galeryo.com\/fr\/wp-json\/wp\/v2\/types\/product"}],"replies":[{"embeddable":true,"href":"https:\/\/galeryo.com\/fr\/wp-json\/wp\/v2\/comments?post=33414"}],"version-history":[{"count":4,"href":"https:\/\/galeryo.com\/fr\/wp-json\/wp\/v2\/product\/33414\/revisions"}],"predecessor-version":[{"id":33529,"href":"https:\/\/galeryo.com\/fr\/wp-json\/wp\/v2\/product\/33414\/revisions\/33529"}],"wp:featuredmedia":[{"embeddable":true,"href":"https:\/\/galeryo.com\/fr\/wp-json\/wp\/v2\/media\/33326"}],"wp:attachment":[{"href":"https:\/\/galeryo.com\/fr\/wp-json\/wp\/v2\/media?parent=33414"}],"wp:term":[{"taxonomy":"product_brand","embeddable":true,"href":"https:\/\/galeryo.com\/fr\/wp-json\/wp\/v2\/product_brand?post=33414"},{"taxonomy":"product_cat","embeddable":true,"href":"https:\/\/galeryo.com\/fr\/wp-json\/wp\/v2\/product_cat?post=33414"},{"taxonomy":"product_tag","embeddable":true,"href":"https:\/\/galeryo.com\/fr\/wp-json\/wp\/v2\/product_tag?post=33414"}],"curies":[{"name":"wp","href":"https:\/\/api.w.org\/{rel}","templated":true}]}}