{"id":21379,"date":"2024-10-08T10:52:08","date_gmt":"2024-10-08T09:52:08","guid":{"rendered":"https:\/\/galeryo.com\/fr\/?post_type=product&#038;p=21379"},"modified":"2024-10-08T11:17:12","modified_gmt":"2024-10-08T10:17:12","slug":"un-tableau-decoratif-sidi-bousaaid-tunisie-fleurie","status":"publish","type":"product","link":"https:\/\/galeryo.com\/fr\/produit\/un-tableau-decoratif-sidi-bousaaid-tunisie-fleurie\/","title":{"rendered":"Un tableau d\u00e9coratif Sidi Bousaaid Tunisie fleurie"},"content":{"rendered":"<p>La table de d\u00e9coration est un meuble polyvalent qui ajoute une touche d&#8217;\u00e9l\u00e9gance \u00e0 n&#8217;importe quel espace. Disponible en trois tailles diff\u00e9rentes, elle offre une flexibilit\u00e9 dans son utilisation, s&#8217;adaptant aux besoins et aux dimensions de chaque pi\u00e8ce.<\/p>\n<ul>\n<li><strong>La taille M mesure 40 centim\u00e8tres de longueur sur 30 centim\u00e8tres de largeur.<\/strong> Elle offre une surface l\u00e9g\u00e8rement plus grande, permettant ainsi d&#8217;afficher des objets de d\u00e9coration plus volumineux ou de servir de support pour des accessoires de table lors de d\u00eeners intimes. Cette taille est un excellent compromis entre fonctionnalit\u00e9 et espace occup\u00e9.<\/li>\n<li><strong>La taille L mesure 60 centim\u00e8tres de longueur sur 40 centim\u00e8tres de largeur.<\/strong> ce qui en fait offre une surface l\u00e9g\u00e8rement plus grande que la taille M. Elle offre une surface spacieuse et polyvalente, permettant de cr\u00e9er des compositions de d\u00e9coration plus \u00e9labor\u00e9es ou de servir de base pour exposer des pi\u00e8ces ma\u00eetresses lors d&#8217;\u00e9v\u00e9nements sp\u00e9ciaux. Sa g\u00e9n\u00e9reuse taille en fait un choix id\u00e9al pour les salles \u00e0 manger formelles ou les halls d&#8217;entr\u00e9e o\u00f9 une pr\u00e9sence imposante est souhait\u00e9e.<\/li>\n<li><strong>La taille XL mesure 70 centim\u00e8tres de longueur sur 50 centim\u00e8tres de largeur.<\/strong> Elle allie \u00e9l\u00e9gance et modernit\u00e9 pour sublimer vos espaces int\u00e9rieurs. Gr\u00e2ce \u00e0 ses dimensions g\u00e9n\u00e9reuses, il s&#8217;impose comme une pi\u00e8ce ma\u00eetresse sur vos murs, attirant l&#8217;\u0153il avec ses compositions visuelles saisissantes. Qu&#8217;il s&#8217;agisse d&#8217;\u0153uvres abstraites, de paysages ou de motifs contemporains, il met en valeur l&#8217;esth\u00e9tique de votre int\u00e9rieur. Id\u00e9al pour un salon, une salle \u00e0 manger ou un bureau, ce format polyvalent s&#8217;adapte \u00e0 tous les styles de d\u00e9coration.<\/li>\n<\/ul>\n<p>Quelle que soit la taille choisie, la table de d\u00e9coration est fabriqu\u00e9e avec des mat\u00e9riaux de haute qualit\u00e9, offrant une finition lisse et durable. Son design moderne et \u00e9pur\u00e9 s&#8217;int\u00e8gre harmonieusement \u00e0 diff\u00e9rents styles de d\u00e9coration, qu&#8217;il s&#8217;agisse d&#8217;un int\u00e9rieur contemporain, classique ou m\u00eame rustique. Elle devient ainsi un \u00e9l\u00e9ment central de la mise en sc\u00e8ne de votre espace, mettant en valeur vos objets pr\u00e9f\u00e9r\u00e9s et ajoutant une touche de sophistication \u00e0 votre d\u00e9coration globale.<\/p>","protected":false},"excerpt":{"rendered":"<p>Jetez un coup d&#8217;\u0153il \u00e0 nos incroyables \u0153uvres d&#8217;art murales avec des designs uniques !<\/p>\n<ul>\n<li><strong>La taille XL mesure\u00a0 tableaux 70\u00d750\u00a0<\/strong><\/li>\n<li><strong>La taille L mesure\u00a0 tableaux 60\u00d740\u00a0<\/strong><\/li>\n<li><strong>La taille M mesure\u00a0 tableaux 40\u00d730<\/strong><\/li>\n<\/ul>","protected":false},"featured_media":21385,"comment_status":"open","ping_status":"closed","template":"","meta":{"_acf_changed":false},"product_brand":[],"product_cat":[200,189],"product_tag":[207,229,187],"class_list":{"0":"post-21379","1":"product","2":"type-product","3":"status-publish","4":"has-post-thumbnail","6":"product_cat-tableaux-personnalises","7":"product_cat-wall-galery","8":"product_tag-chambre","9":"product_tag-grand-tableau","10":"product_tag-wal-art","11":"pa_couleur-blanc","12":"pa_couleur-beige","13":"pa_couleur-noir","14":"pa_taille-moyenne","15":"pa_taille-large","16":"pa_taille-x-large","18":"first","19":"instock","20":"sale","21":"taxable","22":"shipping-taxable","23":"purchasable","24":"product-type-variable","25":"has-default-attributes"},"supplier_id":null,"supplier_sku":"","barcode":null,"atum_controlled":true,"out_stock_date":null,"out_stock_threshold":null,"inheritable":false,"inbound_stock":null,"stock_on_hold":0,"sold_today":0,"sales_last_days":0,"reserved_stock":null,"customer_returns":null,"warehouse_damage":null,"lost_in_post":null,"other_logs":null,"out_stock_days":0,"lost_sales":0,"has_location":null,"update_date":"2026-04-10T09:32:23","atum_locations":[],"atum_stock_status":"instock","restock_status":false,"low_stock_amount":"","sales_update_date":"2026-04-10T09:32:23","calc_backorders":null,"acf":[],"_links":{"self":[{"href":"https:\/\/galeryo.com\/fr\/wp-json\/wp\/v2\/product\/21379"}],"collection":[{"href":"https:\/\/galeryo.com\/fr\/wp-json\/wp\/v2\/product"}],"about":[{"href":"https:\/\/galeryo.com\/fr\/wp-json\/wp\/v2\/types\/product"}],"replies":[{"embeddable":true,"href":"https:\/\/galeryo.com\/fr\/wp-json\/wp\/v2\/comments?post=21379"}],"version-history":[{"count":0,"href":"https:\/\/galeryo.com\/fr\/wp-json\/wp\/v2\/product\/21379\/revisions"}],"wp:featuredmedia":[{"embeddable":true,"href":"https:\/\/galeryo.com\/fr\/wp-json\/wp\/v2\/media\/21385"}],"wp:attachment":[{"href":"https:\/\/galeryo.com\/fr\/wp-json\/wp\/v2\/media?parent=21379"}],"wp:term":[{"taxonomy":"product_brand","embeddable":true,"href":"https:\/\/galeryo.com\/fr\/wp-json\/wp\/v2\/product_brand?post=21379"},{"taxonomy":"product_cat","embeddable":true,"href":"https:\/\/galeryo.com\/fr\/wp-json\/wp\/v2\/product_cat?post=21379"},{"taxonomy":"product_tag","embeddable":true,"href":"https:\/\/galeryo.com\/fr\/wp-json\/wp\/v2\/product_tag?post=21379"}],"curies":[{"name":"wp","href":"https:\/\/api.w.org\/{rel}","templated":true}]}}