{"id":12817,"date":"2023-12-30T22:24:54","date_gmt":"2023-12-30T21:24:54","guid":{"rendered":"https:\/\/galeryo.com\/?post_type=product&#038;p=12817"},"modified":"2024-01-02T23:32:46","modified_gmt":"2024-01-02T22:32:46","slug":"set-of-first-kalima-allah-swt-and-prophet-muhammad-pbuh-names","status":"publish","type":"product","link":"https:\/\/galeryo.com\/fr\/produit\/set-of-first-kalima-allah-swt-and-prophet-muhammad-pbuh-names\/","title":{"rendered":"\ufeff Set of First Kalima Allah (SWT) and Prophet Muhammad (PBUH) Names"},"content":{"rendered":"<p><span style=\"vertical-align: inherit;\"><span style=\"vertical-align: inherit;\">Profondeur\/\u00c9paisseur : 6 mm pour les couleurs noires\/7 mm pour les mod\u00e8les acryliques dor\u00e9s\/argent\u00e9s.<\/span><\/span><\/p>\n<p>\u2022 tailles : (Allah (SWT) et Muhammad (PBUH)): 40 x 50 cm<\/p>\n<p>\u2022 tailles : (Premi\u00e8re Kalima)\u00a0 60 x 50 cm<\/p>\n<p><span style=\"vertical-align: inherit;\"><span style=\"vertical-align: inherit;\">Une peinture mate statique est appliqu\u00e9e pour les arri\u00e8re-plans.<\/span><\/span><\/p>\n<p><span style=\"vertical-align: inherit;\"><span style=\"vertical-align: inherit;\">Seulement quelques clous suffiront pour accrocher les d\u00e9cors. <\/span><span style=\"vertical-align: inherit;\">Facile \u00e0 accrocher.<\/span><\/span><\/p>\n<p><span style=\"vertical-align: inherit;\"><span style=\"vertical-align: inherit;\">L&#8217;art en 3D enrichit la d\u00e9coration de votre maison.<\/span><\/span><\/p>\n<p><span style=\"vertical-align: inherit;\"><span style=\"vertical-align: inherit;\">Premium Store est sp\u00e9cialis\u00e9 dans les portraits de d\u00e9coration murale en bois. <\/span><span style=\"vertical-align: inherit;\">Nous utilisons les meilleurs mat\u00e9riaux de qualit\u00e9 dans la conception de nos produits. <\/span><span style=\"vertical-align: inherit;\">Portrait de d\u00e9coration en bois : \u2022 Design unique couleur argent brillant. <\/span><span style=\"vertical-align: inherit;\">Le produit poss\u00e8de trois dimensions.<\/span><\/span><\/p>\n<p><span style=\"vertical-align: inherit;\"><span style=\"vertical-align: inherit;\">\u2022 Ce produit sera envoy\u00e9 pr\u00eat \u00e0 \u00eatre accroch\u00e9.<\/span><\/span><\/p>","protected":false},"excerpt":{"rendered":"<p><span style=\"vertical-align: inherit;\"><span class=\"\" style=\"vertical-align: inherit;\">Ensemble de 3 la Basmala d&#8217;ALLAH (CC) et des noms du Proph\u00e8te Muhammad (PSL), D\u00e9coration murale islamique en bois acrylique et alucobond effet miroir.<\/span><\/span><\/p>\n<p>\u2022 tailles : (Allah (SWT) et Muhammad (PBUH)): 40 x 50 cm<\/p>\n<p>\u2022 tailles : (Premi\u00e8re Kalima)\u00a0 60 x 50 cm<\/p>\n<p><span style=\"vertical-align: inherit;\"><span style=\"vertical-align: inherit;\">Veuillez nous contacter si vous souhaitez acheter un seul \u00e9l\u00e9ment. <\/span><span style=\"vertical-align: inherit;\">Mat\u00e9riau : Bois (MDF) avec finition acrylique.<\/span><\/span><\/p>\n<p><span style=\"vertical-align: inherit;\"><span style=\"vertical-align: inherit;\">Options de couleur : Couleur de fond : Blanc, Noir Couleur de la calligraphie : Acrylique dor\u00e9, Acrylique argent\u00e9<\/span><\/span><\/p>","protected":false},"featured_media":12831,"comment_status":"open","ping_status":"closed","template":"","meta":{"_acf_changed":false},"product_brand":[],"product_cat":[210,15],"product_tag":[201,209],"class_list":{"0":"post-12817","1":"product","2":"type-product","3":"status-publish","4":"has-post-thumbnail","6":"product_cat-alucobond","7":"product_cat-uncategorized","8":"product_tag-islamiques","9":"product_tag-metal-wall-decors","11":"first","12":"instock","13":"taxable","14":"shipping-taxable","15":"purchasable","16":"product-type-simple"},"supplier_id":null,"supplier_sku":"","barcode":null,"atum_controlled":true,"out_stock_date":null,"out_stock_threshold":null,"inheritable":false,"inbound_stock":null,"stock_on_hold":0,"sold_today":0,"sales_last_days":0,"reserved_stock":null,"customer_returns":null,"warehouse_damage":null,"lost_in_post":null,"other_logs":null,"out_stock_days":0,"lost_sales":0,"has_location":null,"update_date":"2026-04-12T09:32:07","atum_locations":[],"atum_stock_status":"instock","restock_status":false,"low_stock_amount":"","sales_update_date":"2026-04-12T09:32:07","calc_backorders":null,"acf":[],"_links":{"self":[{"href":"https:\/\/galeryo.com\/fr\/wp-json\/wp\/v2\/product\/12817"}],"collection":[{"href":"https:\/\/galeryo.com\/fr\/wp-json\/wp\/v2\/product"}],"about":[{"href":"https:\/\/galeryo.com\/fr\/wp-json\/wp\/v2\/types\/product"}],"replies":[{"embeddable":true,"href":"https:\/\/galeryo.com\/fr\/wp-json\/wp\/v2\/comments?post=12817"}],"version-history":[{"count":0,"href":"https:\/\/galeryo.com\/fr\/wp-json\/wp\/v2\/product\/12817\/revisions"}],"wp:featuredmedia":[{"embeddable":true,"href":"https:\/\/galeryo.com\/fr\/wp-json\/wp\/v2\/media\/12831"}],"wp:attachment":[{"href":"https:\/\/galeryo.com\/fr\/wp-json\/wp\/v2\/media?parent=12817"}],"wp:term":[{"taxonomy":"product_brand","embeddable":true,"href":"https:\/\/galeryo.com\/fr\/wp-json\/wp\/v2\/product_brand?post=12817"},{"taxonomy":"product_cat","embeddable":true,"href":"https:\/\/galeryo.com\/fr\/wp-json\/wp\/v2\/product_cat?post=12817"},{"taxonomy":"product_tag","embeddable":true,"href":"https:\/\/galeryo.com\/fr\/wp-json\/wp\/v2\/product_tag?post=12817"}],"curies":[{"name":"wp","href":"https:\/\/api.w.org\/{rel}","templated":true}]}}